{"id":10128,"date":"2026-01-05T22:56:15","date_gmt":"2026-01-05T15:56:15","guid":{"rendered":"https:\/\/midar.vn\/?post_type=product&#038;p=10128"},"modified":"2026-01-05T23:31:49","modified_gmt":"2026-01-05T16:31:49","slug":"aptomat-63a-cau-dao-tong-dieu-khien","status":"publish","type":"product","link":"https:\/\/midar.vn\/vi\/store\/aptomat-63a-cau-dao-tong-dieu-khien\/","title":{"rendered":"Aptomat 63A &#8211; C\u1ea7u Dao T\u1ed5ng \u0110i\u1ec1u Khi\u1ec3n"},"content":{"rendered":"","protected":false},"excerpt":{"rendered":"<h2><strong>Aptomat C\u1ea7u Dao T\u1ed5ng \u0110i\u1ec1u Khi\u1ec3nTuya\u00a0<\/strong><\/h2>\n<h6><i>Aptomat th\u00f4ng minh l\u00e0 m\u1ed9t thi\u1ebft b\u1ecb \u0111i\u1ec7n t\u1ef1 \u0111\u1ed9ng ho\u1ea1t \u0111\u1ed9ng d\u1ef1a tr\u00ean c\u00f4ng ngh\u1ec7 th\u00f4ng minh, th\u01b0\u1eddng \u0111\u01b0\u1ee3c s\u1eed d\u1ee5ng trong h\u1ec7 th\u1ed1ng \u0111i\u1ec7n nh\u00e0 \u1edf ho\u1eb7c t\u00f2a nh\u00e0. C\u00f4ng ngh\u1ec7 n\u00e0y cho ph\u00e9p aptomat t\u1ef1 \u0111\u1ed9ng ph\u00e1t hi\u1ec7n v\u00e0 ng\u1eaft k\u1ebft n\u1ed1i \u0111i\u1ec7n khi ph\u00e1t hi\u1ec7n c\u00f3 s\u1ef1 c\u1ed1 nh\u01b0 qu\u00e1 t\u1ea3i, ng\u1eafn m\u1ea1ch, ho\u1eb7c r\u00f2 r\u1ec9 d\u00f2ng \u0111i\u1ec7n nguy hi\u1ec3m. \u0110i\u1ec1u n\u00e0y gi\u00fap b\u1ea3o v\u1ec7 an to\u00e0n cho h\u1ec7 th\u1ed1ng \u0111i\u1ec7n v\u00e0 ng\u01b0\u1eddi s\u1eed d\u1ee5ng b\u1eb1ng c\u00e1ch ng\u0103n ch\u1eb7n nguy c\u01a1 ch\u00e1y n\u1ed5 ho\u1eb7c tai n\u1ea1n \u0111i\u1ec7n. \u0110\u1ed3ng th\u1eddi, aptomat th\u00f4ng minh c\u0169ng c\u00f3 th\u1ec3 \u0111\u01b0\u1ee3c k\u1ebft n\u1ed1i v\u00e0 \u0111i\u1ec1u khi\u1ec3n t\u1eeb xa th\u00f4ng qua c\u00e1c thi\u1ebft b\u1ecb \u0111i\u1ec7n t\u1eed nh\u01b0 \u0111i\u1ec7n tho\u1ea1i th\u00f4ng minh, gi\u00fap ng\u01b0\u1eddi d\u00f9ng qu\u1ea3n l\u00fd v\u00e0 ki\u1ec3m so\u00e1t h\u1ec7 th\u1ed1ng \u0111i\u1ec7n m\u1ed9t c\u00e1ch ti\u1ec7n l\u1ee3i v\u00e0 linh ho\u1ea1t.<\/i><\/h6>\n<p><i><strong>S\u1eed d\u1ee5ng aptomat th\u00f4ng minh mang l\u1ea1i nhi\u1ec1u l\u1ee3i \u00edch nh\u01b0 sau:<\/strong><\/i><\/p>\n<h6><i><strong>1.An to\u00e0n cao:<\/strong><\/i> Aptomat th\u00f4ng minh t\u1ef1 \u0111\u1ed9ng ph\u00e1t hi\u1ec7n v\u00e0 ng\u1eaft k\u1ebft n\u1ed1i \u0111i\u1ec7n khi c\u00f3 s\u1ef1 c\u1ed1 nh\u01b0 qu\u00e1 t\u1ea3i, ng\u1eafn m\u1ea1ch, ho\u1eb7c r\u00f2 r\u1ec9 d\u00f2ng \u0111i\u1ec7n nguy hi\u1ec3m, gi\u00fap ng\u0103n ch\u1eb7n nguy c\u01a1 ch\u00e1y n\u1ed5 ho\u1eb7c tai n\u1ea1n \u0111i\u1ec7n.<\/h6>\n<h6><i><strong>2.Ti\u1ebft ki\u1ec7m th\u1eddi gian v\u00e0 c\u00f4ng s\u1ee9c:<\/strong><\/i> Kh\u00f4ng c\u1ea7n ph\u1ea3i ki\u1ec3m tra v\u00e0 can thi\u1ec7p th\u1ee7 c\u00f4ng v\u00e0o h\u1ec7 th\u1ed1ng \u0111i\u1ec7n th\u01b0\u1eddng xuy\u00ean, aptomat th\u00f4ng minh t\u1ef1 \u0111\u1ed9ng ho\u1ea1t \u0111\u1ed9ng v\u00e0 c\u1ea3nh b\u00e1o khi c\u1ea7n thi\u1ebft.<\/h6>\n<h6><i><strong>3.Linh ho\u1ea1t v\u00e0 ti\u1ec7n l\u1ee3i:<\/strong><\/i> C\u00f3 th\u1ec3 \u0111i\u1ec1u khi\u1ec3n aptomat th\u00f4ng minh t\u1eeb xa th\u00f4ng qua c\u00e1c thi\u1ebft b\u1ecb \u0111i\u1ec7n t\u1eed nh\u01b0 \u0111i\u1ec7n tho\u1ea1i th\u00f4ng minh, gi\u00fap ng\u01b0\u1eddi d\u00f9ng qu\u1ea3n l\u00fd v\u00e0 ki\u1ec3m so\u00e1t h\u1ec7 th\u1ed1ng \u0111i\u1ec7n m\u1ed9t c\u00e1ch d\u1ec5 d\u00e0ng v\u00e0 linh ho\u1ea1t.<\/h6>\n<h6><i><strong>4.B\u1ea3o v\u1ec7 thi\u1ebft b\u1ecb \u0111i\u1ec7n:<\/strong><\/i> Ng\u0103n ch\u1eb7n c\u00e1c s\u1ef1 c\u1ed1 \u0111i\u1ec7n c\u00f3 th\u1ec3 g\u00e2y h\u1ecfng h\u00f3c ho\u1eb7c h\u1ecfng h\u00f3c cho c\u00e1c thi\u1ebft b\u1ecb \u0111i\u1ec7n kh\u00e1c trong h\u1ec7 th\u1ed1ng.<\/h6>\n<h6><i><strong>5.Ti\u1ebft ki\u1ec7m chi ph\u00ed:<\/strong><\/i> B\u1eb1ng c\u00e1ch ng\u0103n ch\u1eb7n c\u00e1c s\u1ef1 c\u1ed1 \u0111i\u1ec7n tr\u01b0\u1edbc khi ch\u00fang x\u1ea3y ra, aptomat th\u00f4ng minh gi\u00fap ti\u1ebft ki\u1ec7m chi ph\u00ed s\u1eeda ch\u1eefa v\u00e0 b\u1ea3o d\u01b0\u1ee1ng h\u1ec7 th\u1ed1ng \u0111i\u1ec7n.<\/h6>\n<h6><i><strong>6.T\u0103ng c\u01b0\u1eddng \u0111\u1ed9 tin c\u1eady:<\/strong><\/i> Aptomat th\u00f4ng minh gi\u00fap n\u00e2ng cao \u0111\u1ed9 tin c\u1eady v\u00e0 hi\u1ec7u su\u1ea5t ho\u1ea1t \u0111\u1ed9ng c\u1ee7a h\u1ec7 th\u1ed1ng \u0111i\u1ec7n, gi\u1ea3m thi\u1ec3u th\u1eddi gian ng\u1eebng ho\u1ea1t \u0111\u1ed9ng do s\u1ef1 c\u1ed1.<\/h6>","protected":false},"featured_media":0,"comment_status":"open","ping_status":"closed","template":"","meta":[],"product_brand":[],"product_cat":[15,366,369],"product_tag":[],"class_list":{"0":"post-10128","1":"product","2":"type-product","3":"status-publish","5":"product_cat-furniture","6":"product_cat-smart-home","7":"product_cat-smart-plugs-switches","9":"first","10":"instock","11":"sale","12":"shipping-taxable","13":"purchasable","14":"product-type-simple"},"aioseo_notices":[],"_links":{"self":[{"href":"https:\/\/midar.vn\/vi\/wp-json\/wp\/v2\/product\/10128","targetHints":{"allow":["GET"]}}],"collection":[{"href":"https:\/\/midar.vn\/vi\/wp-json\/wp\/v2\/product"}],"about":[{"href":"https:\/\/midar.vn\/vi\/wp-json\/wp\/v2\/types\/product"}],"replies":[{"embeddable":true,"href":"https:\/\/midar.vn\/vi\/wp-json\/wp\/v2\/comments?post=10128"}],"wp:attachment":[{"href":"https:\/\/midar.vn\/vi\/wp-json\/wp\/v2\/media?parent=10128"}],"wp:term":[{"taxonomy":"product_brand","embeddable":true,"href":"https:\/\/midar.vn\/vi\/wp-json\/wp\/v2\/product_brand?post=10128"},{"taxonomy":"product_cat","embeddable":true,"href":"https:\/\/midar.vn\/vi\/wp-json\/wp\/v2\/product_cat?post=10128"},{"taxonomy":"product_tag","embeddable":true,"href":"https:\/\/midar.vn\/vi\/wp-json\/wp\/v2\/product_tag?post=10128"}],"curies":[{"name":"wp","href":"https:\/\/api.w.org\/{rel}","templated":true}]}}