{"id":4341,"date":"2021-10-20T17:26:13","date_gmt":"2021-10-20T10:26:13","guid":{"rendered":"https:\/\/midar.vn\/?page_id=4341"},"modified":"2021-10-20T17:26:16","modified_gmt":"2021-10-20T10:26:16","slug":"thanhtoan","status":"publish","type":"page","link":"https:\/\/midar.vn\/vi\/thanhtoan\/","title":{"rendered":"Thanh to\u00e1n"},"content":{"rendered":"Quy \u0111\u1ecbnh v\u00e0 h\u00ecnh th\u1ee9c thanh to\u00e1n c\u1ee7a Marchinde nh\u01b0 sau:\n\nQuy \u0111\u1ecbnh ti\u1ebfn \u0111\u1ed9 thanh to\u00e1n h\u1ee3p \u0111\u1ed3ng thi\u1ebft k\u1ebf\n\nThanh to\u00e1n 70% gi\u00e1 tr\u1ecb h\u1ee3p \u0111\u1ed3ng ngay sau khi k\u00fd h\u1ee3p \u0111\u1ed3ng thi\u1ebft k\u1ebf.\nThanh to\u00e1n n\u1ed1t 30% gi\u00e1 tr\u1ecb h\u1ee3p \u0111\u1ed3ng c\u00f2n l\u1ea1i ngay sau khi thanh l\u00fd h\u1ee3p \u0111\u1ed3ng.\nQuy \u0111\u1ecbnh ti\u1ebfn \u0111\u1ed9 thanh to\u00e1n h\u1ee3p \u0111\u1ed3ng thi c\u00f4ng\n\nThanh to\u00e1n 50% sau khi k\u00fd h\u1ee3p \u0111\u1ed3ng thi c\u00f4ng.\nThanh to\u00e1n 30% khi v\u1eadn chuy\u1ec3n to\u00e0n b\u1ed9 \u0111\u1ed3 l\u00ean c\u00f4ng tr\u00ecnh.\nThanh to\u00e1n 20% khi nghi\u1ec7m thu, thanh l\u00fd h\u1ee3p \u0111\u1ed3ng.\nH\u00ecnh th\u1ee9c thanh to\u00e1n\nTi\u1ec1n m\u1eb7t tr\u1ef1c ti\u1ebfp: Qu\u00fd kh\u00e1ch c\u00f3 th\u1ec3 \u0111\u1ebfn tr\u1ef1c ti\u00eap thanh to\u00e1n ti\u1ec1n t\u1ea1i v\u0103n ph\u00f2ng sau khi nh\u1eadn b\u00e0n giao c\u00f4ng tr\u00ecnh ho\u1eb7c thi\u1ebft k\u1ebf (vui l\u00f2ng gi\u1eef l\u1ea1i c\u00e1c ch\u1ee9ng t\u1eeb \u0111\u1ec3 \u0111\u1ed1i chi\u1ebfu khi c\u1ea7n thi\u1ebft). Ho\u1eb7c nh\u00e2n vi\u00ean kinh doanh s\u1ebd li\u00ean l\u1ea1c v\u00e0 h\u1eb9n qu\u00fd kh\u00e1ch th\u1eddi gian \u0111\u1ec3 thu ti\u1ec1n t\u1eadn n\u01a1i. H\u00ecnh th\u1ee9c n\u00e0y \u00e1p d\u1ee5ng trong ph\u1ea1m vi n\u1ed9i th\u00e0nh H\u00e0 n\u1ed9i.\n\nThanh to\u00e1n tr\u1ef1c tuy\u1ebfn: (Th\u1ebb ATM, th\u1ebb qu\u1ed1c t\u1ebf): Th\u1ebb c\u1ee7a Qu\u00fd kh\u00e1ch ph\u1ea3i \u0111\u01b0\u1ee3c k\u00edch ho\u1ea1t ch\u1ee9c n\u0103ng thanh to\u00e1n tr\u1ef1c tuy\u1ebfn ho\u1eb7c \u0111\u00e3 \u0111\u0103ng k\u00fd Internet Banking. Qu\u00fd kh\u00e1ch \u0111i\u1ec1n th\u00f4ng tin Th\u1ebb theo c\u00e1c b\u01b0\u1edbc khi l\u1ef1a ch\u1ecdn h\u00ecnh th\u1ee9c thanh to\u00e1n tr\u1ef1c tuy\u1ebfn tr\u00ean webiste\n\nTh\u00f4ng tin chuy\u1ec3n kho\u1ea3n:  Qu\u00fd kh\u00e1ch c\u00f3 th\u1ec3 \u0111\u1ebfn b\u1ea5t k\u00ec Ph\u00f2ng giao d\u1ecbch ng\u00e2n h\u00e0ng, ATM ho\u1eb7c s\u1eed d\u1ee5ng t\u00ednh n\u0103ng Internet Banking \u0111\u1ec3 chuy\u1ec3n ti\u1ec1n v\u00e0o t\u00e0i kho\u1ea3n c\u1ee7a c\u00f4ng ty:\nT\u00ean ng\u01b0\u1eddi th\u1ee5 h\u01b0\u1edfng: Vu The Manh\nS\u1ed1 t\u00e0i kho\u1ea3n: 0890161239999\nNg\u00e2n h\u00e0ng MB Bank &#8211; CN H\u00e0 N\u1ed9i","protected":false},"excerpt":{"rendered":"<p>Quy \u0111\u1ecbnh v\u00e0 h\u00ecnh th\u1ee9c thanh to\u00e1n c\u1ee7a Marchinde nh\u01b0 sau: Quy \u0111\u1ecbnh ti\u1ebfn \u0111\u1ed9 thanh to\u00e1n h\u1ee3p \u0111\u1ed3ng thi\u1ebft k\u1ebf Thanh to\u00e1n 70% gi\u00e1 tr\u1ecb h\u1ee3p \u0111\u1ed3ng ngay sau khi k\u00fd h\u1ee3p \u0111\u1ed3ng thi\u1ebft k\u1ebf. Thanh to\u00e1n n\u1ed1t 30% gi\u00e1 tr\u1ecb h\u1ee3p \u0111\u1ed3ng c\u00f2n l\u1ea1i ngay sau khi thanh l\u00fd h\u1ee3p \u0111\u1ed3ng. Quy \u0111\u1ecbnh<\/p>","protected":false},"author":1,"featured_media":0,"parent":0,"menu_order":0,"comment_status":"closed","ping_status":"closed","template":"","meta":{"footnotes":""},"class_list":["post-4341","page","type-page","status-publish","hentry"],"aioseo_notices":[],"_links":{"self":[{"href":"https:\/\/midar.vn\/vi\/wp-json\/wp\/v2\/pages\/4341","targetHints":{"allow":["GET"]}}],"collection":[{"href":"https:\/\/midar.vn\/vi\/wp-json\/wp\/v2\/pages"}],"about":[{"href":"https:\/\/midar.vn\/vi\/wp-json\/wp\/v2\/types\/page"}],"author":[{"embeddable":true,"href":"https:\/\/midar.vn\/vi\/wp-json\/wp\/v2\/users\/1"}],"replies":[{"embeddable":true,"href":"https:\/\/midar.vn\/vi\/wp-json\/wp\/v2\/comments?post=4341"}],"version-history":[{"count":0,"href":"https:\/\/midar.vn\/vi\/wp-json\/wp\/v2\/pages\/4341\/revisions"}],"wp:attachment":[{"href":"https:\/\/midar.vn\/vi\/wp-json\/wp\/v2\/media?parent=4341"}],"curies":[{"name":"wp","href":"https:\/\/api.w.org\/{rel}","templated":true}]}}